{"id":1388,"date":"2024-10-21T23:30:24","date_gmt":"2024-10-21T20:30:24","guid":{"rendered":"https:\/\/www.hisarconsulting.com\/?page_id=1388"},"modified":"2024-10-21T23:38:40","modified_gmt":"2024-10-21T20:38:40","slug":"contact","status":"publish","type":"page","link":"https:\/\/www.hisarconsulting.com\/fr\/contact\/","title":{"rendered":"Contact"},"content":{"rendered":"<p>You can reach out to us for any inquiries regarding quotes, advice, expertise, or guidance.<\/p>\n\n\n\n<p><strong>Contact Us!<\/strong><\/p>\n\n\n\n<p>Leave us your message.<br>We are always here to listen and provide you with the best services.<\/p>\n\n\n<div class=\"wpforms-container\" id=\"wpforms-5\"><form id=\"wpforms-form-5\" class=\"wpforms-validate wpforms-form\" data-formid=\"5\" method=\"post\" enctype=\"multipart\/form-data\" action=\"\/wp-json\/wp\/v2\/pages\/1388\" data-token=\"c393f7461d72d749369a2b97ee82994b\" data-token-time=\"1778163982\" data-trp-original-action=\"\/fr\/wp-json\/wp\/v2\/pages\/1388\"><noscript class=\"wpforms-error-noscript\">Veuillez activer JavaScript dans votre navigateur pour remplir ce formulaire.<\/noscript><div class=\"wpforms-field-container\"><div id=\"wpforms-5-field_0-container\" class=\"wpforms-field wpforms-field-name\" data-field-id=\"0\"><label class=\"wpforms-field-label wpforms-label-hide\" for=\"wpforms-5-field_0\">Nom <span class=\"wpforms-required-label\">*<\/span><\/label><input type=\"text\" id=\"wpforms-5-field_0\" class=\"wpforms-field-large wpforms-field-required\" name=\"wpforms[fields][0]\" placeholder=\"Name\" required><\/div><div id=\"wpforms-5-field_1-container\" class=\"wpforms-field wpforms-field-email\" data-field-id=\"1\"><label class=\"wpforms-field-label wpforms-label-hide\" for=\"wpforms-5-field_1\">E-mail <span class=\"wpforms-required-label\">*<\/span><\/label><input type=\"email\" id=\"wpforms-5-field_1\" class=\"wpforms-field-large wpforms-field-required\" name=\"wpforms[fields][1]\" placeholder=\"Email\" spellcheck=\"false\" required><\/div><div id=\"wpforms-5-field_3-container\" class=\"wpforms-field wpforms-field-number\" data-field-id=\"3\"><label class=\"wpforms-field-label wpforms-label-hide\" for=\"wpforms-5-field_3\">Num\u00e9ro de T\u00e9l\u00e9phone <span class=\"wpforms-required-label\">*<\/span><\/label><input type=\"number\" id=\"wpforms-5-field_3\" class=\"wpforms-field-large wpforms-field-required\" name=\"wpforms[fields][3]\" placeholder=\"Contact Number\" required><\/div><div id=\"wpforms-5-field_2-container\" class=\"wpforms-field wpforms-field-textarea\" data-field-id=\"2\"><label class=\"wpforms-field-label wpforms-label-hide\" for=\"wpforms-5-field_2\">Votre Message <span class=\"wpforms-required-label\">*<\/span><\/label><textarea id=\"wpforms-5-field_2\" class=\"wpforms-field-medium wpforms-field-required\" name=\"wpforms[fields][2]\" placeholder=\"Your Message\" required><\/textarea><\/div><\/div><!-- .wpforms-field-container --><div class=\"wpforms-field wpforms-field-hp\"><label for=\"wpforms-5-field-hp\" class=\"wpforms-field-label\">Name<\/label><input type=\"text\" name=\"wpforms[hp]\" id=\"wpforms-5-field-hp\" class=\"wpforms-field-medium\"><\/div><div class=\"wpforms-submit-container\" ><input type=\"hidden\" name=\"wpforms[id]\" value=\"5\"><input type=\"hidden\" name=\"page_title\" value=\"\"><input type=\"hidden\" name=\"page_url\" value=\"https:\/\/www.hisarconsulting.com\/fr\/wp-json\/wp\/v2\/pages\/1388\"><button type=\"submit\" name=\"wpforms[submit]\" id=\"wpforms-submit-5\" class=\"wpforms-submit\" data-alt-text=\"Envoyer\" data-submit-text=\"Envoyer\" aria-live=\"assertive\" value=\"wpforms-submit\">Envoyer<\/button><\/div><input type=\"hidden\" name=\"trp-form-language\" value=\"fr\"\/><\/form><\/div>  <!-- .wpforms-container -->\n\n\n\n<figure class=\"wp-block-image alignleft size-full is-resized\"><img loading=\"lazy\" decoding=\"async\" width=\"58\" height=\"58\" src=\"http:\/\/www.hisarconsulting.com\/wp-content\/uploads\/2020\/05\/Icon1-free-img.png\" alt=\"\" class=\"wp-image-1132\" style=\"width:45px;height:auto\" srcset=\"https:\/\/www.hisarconsulting.com\/wp-content\/uploads\/2020\/05\/Icon1-free-img.png 58w, https:\/\/www.hisarconsulting.com\/wp-content\/uploads\/2020\/05\/Icon1-free-img-12x12.png 12w\" sizes=\"(max-width: 58px) 100vw, 58px\" \/><\/figure>\n\n\n\n<p><strong>Address<\/strong><\/p>\n\n\n\n<p>TURKEY, ANKARA, Etimesgut 2166 Cadde 28\/10 06200<\/p>\n\n\n\n<figure class=\"wp-block-image alignleft size-full is-resized\"><img loading=\"lazy\" decoding=\"async\" width=\"58\" height=\"58\" src=\"http:\/\/www.hisarconsulting.com\/wp-content\/uploads\/2020\/05\/Icon2-free-img.png\" alt=\"\" class=\"wp-image-1133\" style=\"width:45px;height:auto\" srcset=\"https:\/\/www.hisarconsulting.com\/wp-content\/uploads\/2020\/05\/Icon2-free-img.png 58w, https:\/\/www.hisarconsulting.com\/wp-content\/uploads\/2020\/05\/Icon2-free-img-12x12.png 12w\" sizes=\"(max-width: 58px) 100vw, 58px\" \/><\/figure>\n\n\n\n<p><strong>Call Us<\/strong><\/p>\n\n\n\n<p>+90 542 136 78 25<\/p>\n\n\n\n<figure class=\"wp-block-image alignleft size-full is-resized\"><img loading=\"lazy\" decoding=\"async\" width=\"57\" height=\"57\" src=\"http:\/\/www.hisarconsulting.com\/wp-content\/uploads\/2020\/05\/Icon3-free-img.png\" alt=\"\" class=\"wp-image-1134\" style=\"width:45px;height:auto\" srcset=\"https:\/\/www.hisarconsulting.com\/wp-content\/uploads\/2020\/05\/Icon3-free-img.png 57w, https:\/\/www.hisarconsulting.com\/wp-content\/uploads\/2020\/05\/Icon3-free-img-12x12.png 12w\" sizes=\"(max-width: 57px) 100vw, 57px\" \/><\/figure>\n\n\n\n<p><strong>Email<\/strong><\/p>\n\n\n\n<p>info@hisarconsulting.com<\/p>\n\n\n\n<figure class=\"wp-block-image alignleft size-full is-resized\"><img loading=\"lazy\" decoding=\"async\" width=\"56\" height=\"56\" src=\"http:\/\/www.hisarconsulting.com\/wp-content\/uploads\/2020\/05\/Icon4-free-img.png\" alt=\"\" class=\"wp-image-1135\" style=\"width:45px;height:auto\" srcset=\"https:\/\/www.hisarconsulting.com\/wp-content\/uploads\/2020\/05\/Icon4-free-img.png 56w, https:\/\/www.hisarconsulting.com\/wp-content\/uploads\/2020\/05\/Icon4-free-img-12x12.png 12w\" sizes=\"(max-width: 56px) 100vw, 56px\" \/><\/figure>\n\n\n\n<p><strong>Working Hours<\/strong><\/p>\n\n\n\n<p>Monday \u2013 Friday: 8:00 AM \u2013 6:00 PM<\/p>","protected":false},"excerpt":{"rendered":"<p>You can reach out to us for any inquiries regarding quotes, advice, expertise, or guidance. Contact Us! Leave us your message.We are always here to listen and provide you with the best services. Address TURKEY, ANKARA, Etimesgut 2166 Cadde 28\/10 06200 Call Us +90 542 136 78 25 Email info@hisarconsulting.com Working Hours Monday \u2013 Friday: &hellip; <\/p>\n<p class=\"link-more\"><a href=\"https:\/\/www.hisarconsulting.com\/fr\/contact\/\" class=\"more-link\">Lire la suite de<span class=\"screen-reader-text\">\u00ab\u00a0Contact\u00a0\u00bb<\/span><\/a><\/p>","protected":false},"author":1,"featured_media":0,"parent":0,"menu_order":0,"comment_status":"closed","ping_status":"closed","template":"","meta":{"_themeisle_gutenberg_block_has_review":false,"footnotes":""},"class_list":["post-1388","page","type-page","status-publish","hentry"],"_links":{"self":[{"href":"https:\/\/www.hisarconsulting.com\/fr\/wp-json\/wp\/v2\/pages\/1388"}],"collection":[{"href":"https:\/\/www.hisarconsulting.com\/fr\/wp-json\/wp\/v2\/pages"}],"about":[{"href":"https:\/\/www.hisarconsulting.com\/fr\/wp-json\/wp\/v2\/types\/page"}],"author":[{"embeddable":true,"href":"https:\/\/www.hisarconsulting.com\/fr\/wp-json\/wp\/v2\/users\/1"}],"replies":[{"embeddable":true,"href":"https:\/\/www.hisarconsulting.com\/fr\/wp-json\/wp\/v2\/comments?post=1388"}],"version-history":[{"count":5,"href":"https:\/\/www.hisarconsulting.com\/fr\/wp-json\/wp\/v2\/pages\/1388\/revisions"}],"predecessor-version":[{"id":1395,"href":"https:\/\/www.hisarconsulting.com\/fr\/wp-json\/wp\/v2\/pages\/1388\/revisions\/1395"}],"wp:attachment":[{"href":"https:\/\/www.hisarconsulting.com\/fr\/wp-json\/wp\/v2\/media?parent=1388"}],"curies":[{"name":"wp","href":"https:\/\/api.w.org\/{rel}","templated":true}]}}